{"id":4209,"date":"2024-05-09T16:10:07","date_gmt":"2024-05-09T16:10:07","guid":{"rendered":"https:\/\/boabossa.com\/?page_id=4209"},"modified":"2025-09-04T12:10:54","modified_gmt":"2025-09-04T10:10:54","slug":"contactez-nous","status":"publish","type":"page","link":"https:\/\/uni5-technologies.com\/accueil\/contactez-nous\/","title":{"rendered":"Contactez-nous"},"content":{"rendered":"\t\t<div data-elementor-type=\"wp-page\" data-elementor-id=\"4209\" class=\"elementor elementor-4209\" data-elementor-post-type=\"page\">\n\t\t\t\t\t\t<section class=\"elementor-section elementor-top-section elementor-element elementor-element-e154714 elementor-section-stretched elementor-reverse-tablet elementor-section-boxed elementor-section-height-default elementor-section-height-default\" data-id=\"e154714\" data-element_type=\"section\" data-e-type=\"section\" data-settings=\"{&quot;stretch_section&quot;:&quot;section-stretched&quot;,&quot;background_background&quot;:&quot;classic&quot;}\">\n\t\t\t\t\t\t<div class=\"elementor-container elementor-column-gap-default\">\n\t\t\t\t\t<div class=\"elementor-column elementor-col-100 elementor-top-column elementor-element elementor-element-de117f1\" data-id=\"de117f1\" data-element_type=\"column\" data-e-type=\"column\">\n\t\t\t<div class=\"elementor-widget-wrap elementor-element-populated\">\n\t\t\t\t\t\t<div class=\"elementor-element elementor-element-c06c1ff elementor-widget elementor-widget-heading\" data-id=\"c06c1ff\" data-element_type=\"widget\" data-e-type=\"widget\" data-widget_type=\"heading.default\">\n\t\t\t\t<div class=\"elementor-widget-container\">\n\t\t\t\t\t<h1 class=\"elementor-heading-title elementor-size-default\">Parlez-nous<\/h1>\t\t\t\t<\/div>\n\t\t\t\t<\/div>\n\t\t\t\t<div class=\"elementor-element elementor-element-487a6e3 elementor-widget elementor-widget-heading\" data-id=\"487a6e3\" data-element_type=\"widget\" data-e-type=\"widget\" data-widget_type=\"heading.default\">\n\t\t\t\t<div class=\"elementor-widget-container\">\n\t\t\t\t\t<h1 class=\"elementor-heading-title elementor-size-default\">de votre projet<\/h1>\t\t\t\t<\/div>\n\t\t\t\t<\/div>\n\t\t\t\t\t<\/div>\n\t\t<\/div>\n\t\t\t\t\t<\/div>\n\t\t<\/section>\n\t\t<div class=\"elementor-element elementor-element-99f864b e-flex e-con-boxed e-con e-parent\" data-id=\"99f864b\" data-element_type=\"container\" data-e-type=\"container\">\n\t\t\t\t\t<div class=\"e-con-inner\">\n\t\t\t\t\t<\/div>\n\t\t\t\t<\/div>\n\t\t\t\t<section class=\"elementor-section elementor-top-section elementor-element elementor-element-3f3c135 elementor-reverse-tablet elementor-reverse-mobile elementor-section-boxed elementor-section-height-default elementor-section-height-default\" data-id=\"3f3c135\" data-element_type=\"section\" data-e-type=\"section\" data-settings=\"{&quot;background_background&quot;:&quot;classic&quot;}\">\n\t\t\t\t\t\t<div class=\"elementor-container elementor-column-gap-default\">\n\t\t\t\t\t<div class=\"elementor-column elementor-col-50 elementor-top-column elementor-element elementor-element-372193f\" data-id=\"372193f\" data-element_type=\"column\" data-e-type=\"column\">\n\t\t\t<div class=\"elementor-widget-wrap elementor-element-populated\">\n\t\t\t\t\t\t<div class=\"elementor-element elementor-element-7d73b6e elementor-widget__width-initial elementor-widget-mobile__width-initial elementor-hidden-mobile elementor-widget elementor-widget-image\" data-id=\"7d73b6e\" data-element_type=\"widget\" data-e-type=\"widget\" data-widget_type=\"image.default\">\n\t\t\t\t<div class=\"elementor-widget-container\">\n\t\t\t\t\t\t\t\t\t\t\t\t\t\t\t\t<a href=\"https:\/\/wpmet.com\/plugin\/elementskit\/\">\n\t\t\t\t\t\t\t<img fetchpriority=\"high\" decoding=\"async\" width=\"500\" height=\"500\" src=\"https:\/\/uni5-technologies.com\/wp-content\/uploads\/2024\/07\/logo-uni5_site.png\" class=\"attachment-full size-full wp-image-10293\" alt=\"\" srcset=\"https:\/\/uni5-technologies.com\/wp-content\/uploads\/2024\/07\/logo-uni5_site.png 500w, https:\/\/uni5-technologies.com\/wp-content\/uploads\/2024\/07\/logo-uni5_site-300x300.png 300w, https:\/\/uni5-technologies.com\/wp-content\/uploads\/2024\/07\/logo-uni5_site-150x150.png 150w, https:\/\/uni5-technologies.com\/wp-content\/uploads\/2024\/07\/logo-uni5_site-230x230.png 230w, https:\/\/uni5-technologies.com\/wp-content\/uploads\/2024\/07\/logo-uni5_site-400x400.png 400w\" sizes=\"(max-width: 500px) 100vw, 500px\" \/>\t\t\t\t\t\t\t\t<\/a>\n\t\t\t\t\t\t\t\t\t\t\t\t\t\t\t<\/div>\n\t\t\t\t<\/div>\n\t\t\t\t<div class=\"elementor-element elementor-element-b34ed9f elementor-widget elementor-widget-heading\" data-id=\"b34ed9f\" data-element_type=\"widget\" data-e-type=\"widget\" data-widget_type=\"heading.default\">\n\t\t\t\t<div class=\"elementor-widget-container\">\n\t\t\t\t\t<h1 class=\"elementor-heading-title elementor-size-default\"><b>Vous pouvez nous contacter via<br> le formulaire ci-dessous<\/b><\/h1>\t\t\t\t<\/div>\n\t\t\t\t<\/div>\n\t\t\t\t<div class=\"elementor-element elementor-element-d5b2c9b elementor-widget elementor-widget-spacer\" data-id=\"d5b2c9b\" data-element_type=\"widget\" data-e-type=\"widget\" data-widget_type=\"spacer.default\">\n\t\t\t\t<div class=\"elementor-widget-container\">\n\t\t\t\t\t\t\t<div class=\"elementor-spacer\">\n\t\t\t<div class=\"elementor-spacer-inner\"><\/div>\n\t\t<\/div>\n\t\t\t\t\t\t<\/div>\n\t\t\t\t<\/div>\n\t\t\t\t<div class=\"elementor-element elementor-element-394940a elementor-button-align-center elementor-widget-tablet_extra__width-initial elementor-widget elementor-widget-form\" data-id=\"394940a\" data-element_type=\"widget\" data-e-type=\"widget\" data-settings=\"{&quot;step_next_label&quot;:&quot;Next&quot;,&quot;step_previous_label&quot;:&quot;Previous&quot;,&quot;button_width&quot;:&quot;100&quot;,&quot;step_type&quot;:&quot;number_text&quot;,&quot;step_icon_shape&quot;:&quot;circle&quot;}\" data-widget_type=\"form.default\">\n\t\t\t\t<div class=\"elementor-widget-container\">\n\t\t\t\t\t\t\t<form class=\"elementor-form\" method=\"post\" name=\"New Form\" aria-label=\"New Form\">\n\t\t\t<input type=\"hidden\" name=\"post_id\" value=\"4209\"\/>\n\t\t\t<input type=\"hidden\" name=\"form_id\" value=\"394940a\"\/>\n\t\t\t<input type=\"hidden\" name=\"referer_title\" value=\"Contactez-nous\" \/>\n\n\t\t\t\t\t\t\t<input type=\"hidden\" name=\"queried_id\" value=\"4209\"\/>\n\t\t\t\n\t\t\t<div class=\"elementor-form-fields-wrapper elementor-labels-above\">\n\t\t\t\t\t\t\t\t<div class=\"elementor-field-type-text elementor-field-group elementor-column elementor-field-group-name elementor-col-50\">\n\t\t\t\t\t\t\t\t\t\t\t\t<label for=\"form-field-name\" class=\"elementor-field-label\">\n\t\t\t\t\t\t\t\tNom\t\t\t\t\t\t\t<\/label>\n\t\t\t\t\t\t\t\t\t\t\t\t\t\t<input size=\"1\" type=\"text\" name=\"form_fields[name]\" id=\"form-field-name\" class=\"elementor-field elementor-size-sm  elementor-field-textual\" placeholder=\"Votre nom\">\n\t\t\t\t\t\t\t\t\t\t\t<\/div>\n\t\t\t\t\t\t\t\t<div class=\"elementor-field-type-text elementor-field-group elementor-column elementor-field-group-field_86ecdc9 elementor-col-50\">\n\t\t\t\t\t\t\t\t\t\t\t\t<label for=\"form-field-field_86ecdc9\" class=\"elementor-field-label\">\n\t\t\t\t\t\t\t\tPr\u00e9nom\t\t\t\t\t\t\t<\/label>\n\t\t\t\t\t\t\t\t\t\t\t\t\t\t<input size=\"1\" type=\"text\" name=\"form_fields[field_86ecdc9]\" id=\"form-field-field_86ecdc9\" class=\"elementor-field elementor-size-sm  elementor-field-textual\" placeholder=\"Votre pr\u00e9nom\">\n\t\t\t\t\t\t\t\t\t\t\t<\/div>\n\t\t\t\t\t\t\t\t<div class=\"elementor-field-type-email elementor-field-group elementor-column elementor-field-group-email elementor-col-100 elementor-field-required elementor-mark-required\">\n\t\t\t\t\t\t\t\t\t\t\t\t<label for=\"form-field-email\" class=\"elementor-field-label\">\n\t\t\t\t\t\t\t\tEmail\t\t\t\t\t\t\t<\/label>\n\t\t\t\t\t\t\t\t\t\t\t\t\t\t<input size=\"1\" type=\"email\" name=\"form_fields[email]\" id=\"form-field-email\" class=\"elementor-field elementor-size-sm  elementor-field-textual\" placeholder=\"Email\" required=\"required\">\n\t\t\t\t\t\t\t\t\t\t\t<\/div>\n\t\t\t\t\t\t\t\t<div class=\"elementor-field-type-tel elementor-field-group elementor-column elementor-field-group-field_6e4dd2a elementor-col-100\">\n\t\t\t\t\t\t\t\t\t\t\t\t<label for=\"form-field-field_6e4dd2a\" class=\"elementor-field-label\">\n\t\t\t\t\t\t\t\tT\u00e9l\u00e9phone\t\t\t\t\t\t\t<\/label>\n\t\t\t\t\t\t\t\t<input size=\"1\" type=\"tel\" name=\"form_fields[field_6e4dd2a]\" id=\"form-field-field_6e4dd2a\" class=\"elementor-field elementor-size-sm  elementor-field-textual\" placeholder=\"T\u00e9l\u00e9phone \" pattern=\"[0-9()#&amp;+*-=.]+\" title=\"Seuls les caract\u00e8res de num\u00e9ros de t\u00e9l\u00e9phone (#, -, *, etc.) sont accept\u00e9s.\">\n\n\t\t\t\t\t\t<\/div>\n\t\t\t\t\t\t\t\t<div class=\"elementor-field-type-textarea elementor-field-group elementor-column elementor-field-group-message elementor-col-100\">\n\t\t\t\t\t\t\t\t\t\t\t\t<label for=\"form-field-message\" class=\"elementor-field-label\">\n\t\t\t\t\t\t\t\tMessage\t\t\t\t\t\t\t<\/label>\n\t\t\t\t\t\t<textarea class=\"elementor-field-textual elementor-field  elementor-size-sm\" name=\"form_fields[message]\" id=\"form-field-message\" rows=\"4\" placeholder=\"Laissez-nous un message\"><\/textarea>\t\t\t\t<\/div>\n\t\t\t\t\t\t\t\t<div class=\"elementor-field-group elementor-column elementor-field-type-submit elementor-col-100 e-form__buttons\">\n\t\t\t\t\t<button class=\"elementor-button elementor-size-sm elementor-animation-shrink\" type=\"submit\">\n\t\t\t\t\t\t<span class=\"elementor-button-content-wrapper\">\n\t\t\t\t\t\t\t\t\t\t\t\t\t\t\t\t\t\t\t\t\t\t<span class=\"elementor-button-text\">Envoyer<\/span>\n\t\t\t\t\t\t\t\t\t\t\t\t\t<\/span>\n\t\t\t\t\t<\/button>\n\t\t\t\t<\/div>\n\t\t\t<\/div>\n\t\t<\/form>\n\t\t\t\t\t\t<\/div>\n\t\t\t\t<\/div>\n\t\t\t\t\t<\/div>\n\t\t<\/div>\n\t\t\t\t<div class=\"elementor-column elementor-col-50 elementor-top-column elementor-element elementor-element-bc56e6b\" data-id=\"bc56e6b\" data-element_type=\"column\" data-e-type=\"column\">\n\t\t\t<div class=\"elementor-widget-wrap elementor-element-populated\">\n\t\t\t\t<div class=\"elementor-element elementor-element-55eeada e-flex e-con-boxed e-con e-parent\" data-id=\"55eeada\" data-element_type=\"container\" data-e-type=\"container\">\n\t\t\t\t\t<div class=\"e-con-inner\">\n\t\t\t\t<div class=\"elementor-element elementor-element-4e0f734 elementor-invisible elementor-widget elementor-widget-google_maps\" data-id=\"4e0f734\" data-element_type=\"widget\" data-e-type=\"widget\" data-settings=\"{&quot;_animation&quot;:&quot;fadeIn&quot;}\" data-widget_type=\"google_maps.default\">\n\t\t\t\t<div class=\"elementor-widget-container\">\n\t\t\t\t\t\t\t<div class=\"elementor-custom-embed\">\n\t\t\t<iframe loading=\"lazy\"\n\t\t\t\t\tsrc=\"https:\/\/maps.google.com\/maps?q=25%20Quai%20Gallieni%2C%2092150%20Suresnes&#038;t=m&#038;z=16&#038;output=embed&#038;iwloc=near\"\n\t\t\t\t\ttitle=\"25 Quai Gallieni, 92150 Suresnes\"\n\t\t\t\t\taria-label=\"25 Quai Gallieni, 92150 Suresnes\"\n\t\t\t><\/iframe>\n\t\t<\/div>\n\t\t\t\t\t\t<\/div>\n\t\t\t\t<\/div>\n\t\t\t\t\t<\/div>\n\t\t\t\t<\/div>\n\t\t<div class=\"elementor-element elementor-element-d3597b9 e-flex e-con-boxed e-con e-parent\" data-id=\"d3597b9\" data-element_type=\"container\" data-e-type=\"container\" data-settings=\"{&quot;background_background&quot;:&quot;classic&quot;}\">\n\t\t\t\t\t<div class=\"e-con-inner\">\n\t\t\t\t<div class=\"elementor-element elementor-element-a8805a1 elementor-widget elementor-widget-html\" data-id=\"a8805a1\" data-element_type=\"widget\" data-e-type=\"widget\" data-widget_type=\"html.default\">\n\t\t\t\t<div class=\"elementor-widget-container\">\n\t\t\t\t\t<style>\r\n.contact-section {\r\n  display: flex;\r\n  max-width: 702px;\r\n  flex-direction: column;\r\n  justify-content: start;\r\n}\r\n\r\n.contact-card {\r\n    border-radius: 20px;\r\n    background-color: #fafafa;\r\n    display: flex;\r\n    min-height: 142px;\r\n    width: 100%;\r\n    flex-direction: column;\r\n    align-items: start;\r\n    justify-content: center;\r\n    padding: 2px 27px;\r\n    margin-bottom: 10px;\r\n}\r\n\r\n.contact-info {\r\n  display: flex;\r\n  align-items: center;\r\n  gap: 15px;\r\n  justify-content: start;\r\n}\r\n\r\n.icon-wrapper {\r\n  border-radius: 40px;\r\n  background-color: #4E1BBA;\r\n  display: flex;\r\n  width: 52px;\r\n  height: 52px;\r\n  align-items: center;\r\n  justify-content: center;\r\n}\r\n\r\n.contact-icon {\r\n  width: 24px;\r\n  height: 24px\r\n}\r\n\r\n.contact-details {\r\n  display: flex;\r\n  min-width: 240px;\r\n  flex-direction: column;\r\n  font-family: Montserrat, sans-serif;\r\n  color: #000;\r\n  white-space: nowrap;\r\n  justify-content: start;\r\n}\r\n\r\n.contact-label {\r\n    font-size: 19px;\r\n    font-weight: 500;\r\n    margin: 3px 0px;\r\n}\r\n\r\n.contact-value {\r\n    font-size: 17px;\r\n    font-weight: 400;\r\n    margin-top: 0px;\r\n}\r\n\r\n.phone-icon {\r\n  width: 22px;\r\n  height: 22px\r\n}\r\n\r\n@media (max-width: 991px) {\r\n  .contact-card {\r\n    max-width: 100%;\r\n    padding: 0 20px;\r\n  }\r\n\r\n  .contact-info {\r\n    max-width: 100%;\r\n  }\r\n\r\n  .icon-wrapper {\r\n    padding: 0 20px;\r\n  }\r\n\r\n  .contact-details {\r\n    white-space: initial;\r\n  }\r\n}\r\n<\/style>\r\n\r\n<section class=\"contact-section\">\r\n  <article class=\"contact-card\">\r\n    <div class=\"contact-info\">\r\n      <div class=\"icon-wrapper\">\r\n        <img decoding=\"async\" loading=\"lazy\" src=\"https:\/\/uni5-technologies.com\/wp-content\/uploads\/2024\/09\/Message-2.png\" class=\"contact-icon\" alt=\"Email icon\" \/>\r\n      <\/div>\r\n      <div class=\"contact-details\">\r\n        <h2 class=\"contact-label\">Email<\/h2>\r\n        <p class=\"contact-value\"><a href=\"mailto:Contact@uni5-technologies.com\">Contact@uni5-technologies.com<\/a><\/p>\r\n      <\/div>\r\n    <\/div>\r\n  <\/article>\r\n  \r\n  <article class=\"contact-card\">\r\n    <div class=\"contact-info\">\r\n      <div class=\"icon-wrapper\">\r\n        <img decoding=\"async\" loading=\"lazy\" src=\"https:\/\/uni5-technologies.com\/wp-content\/uploads\/2024\/09\/Call.png\" class=\"phone-icon\" alt=\"Phone icon\" \/>\r\n      <\/div>\r\n      <div class=\"contact-details\">\r\n        <h2 class=\"contact-label\">T\u00e9l\u00e9phone<\/h2>\r\n        <p class=\"contact-value\">+33 9 78 25 39 29<\/p>\r\n      <\/div>\r\n    <\/div>\r\n  <\/article>\r\n<\/section>\t\t\t\t<\/div>\n\t\t\t\t<\/div>\n\t\t\t\t\t<\/div>\n\t\t\t\t<\/div>\n\t\t\t\t\t<\/div>\n\t\t<\/div>\n\t\t\t\t\t<\/div>\n\t\t<\/section>\n\t\t<div class=\"elementor-element elementor-element-166d786 e-flex e-con-boxed e-con e-parent\" data-id=\"166d786\" data-element_type=\"container\" data-e-type=\"container\">\n\t\t\t\t\t<div class=\"e-con-inner\">\n\t\t\t\t\t<\/div>\n\t\t\t\t<\/div>\n\t\t\t\t<\/div>\n\t\t","protected":false},"excerpt":{"rendered":"<p>Parlez-nous de votre projet Vous pouvez nous contacter via le formulaire ci-dessous Email Contact@uni5-technologies.com T\u00e9l\u00e9phone +33 9 78 25 39 29<\/p>\n","protected":false},"author":1,"featured_media":0,"parent":0,"menu_order":0,"comment_status":"closed","ping_status":"closed","template":"elementor_header_footer","meta":{"_acf_changed":false,"_eb_attr":"","footnotes":""},"class_list":["post-4209","page","type-page","status-publish","hentry"],"acf":[],"blog_post_layout_featured_media_urls":{"thumbnail":"","full":""},"categories_names":null,"comments_number":"0","_links":{"self":[{"href":"https:\/\/uni5-technologies.com\/accueil\/wp-json\/wp\/v2\/pages\/4209","targetHints":{"allow":["GET"]}}],"collection":[{"href":"https:\/\/uni5-technologies.com\/accueil\/wp-json\/wp\/v2\/pages"}],"about":[{"href":"https:\/\/uni5-technologies.com\/accueil\/wp-json\/wp\/v2\/types\/page"}],"author":[{"embeddable":true,"href":"https:\/\/uni5-technologies.com\/accueil\/wp-json\/wp\/v2\/users\/1"}],"replies":[{"embeddable":true,"href":"https:\/\/uni5-technologies.com\/accueil\/wp-json\/wp\/v2\/comments?post=4209"}],"version-history":[{"count":255,"href":"https:\/\/uni5-technologies.com\/accueil\/wp-json\/wp\/v2\/pages\/4209\/revisions"}],"predecessor-version":[{"id":17539,"href":"https:\/\/uni5-technologies.com\/accueil\/wp-json\/wp\/v2\/pages\/4209\/revisions\/17539"}],"wp:attachment":[{"href":"https:\/\/uni5-technologies.com\/accueil\/wp-json\/wp\/v2\/media?parent=4209"}],"curies":[{"name":"wp","href":"https:\/\/api.w.org\/{rel}","templated":true}]}}