{"id":8639,"date":"2024-06-06T09:55:57","date_gmt":"2024-06-06T09:55:57","guid":{"rendered":"https:\/\/boabossa.com\/?page_id=8639"},"modified":"2025-06-13T16:25:51","modified_gmt":"2025-06-13T14:25:51","slug":"formulaire","status":"publish","type":"page","link":"https:\/\/uni5-technologies.com\/accueil\/formulaire\/","title":{"rendered":"Formulaire"},"content":{"rendered":"\t\t<div data-elementor-type=\"wp-page\" data-elementor-id=\"8639\" class=\"elementor elementor-8639\" data-elementor-post-type=\"page\">\n\t\t\t\t\t\t<section class=\"elementor-section elementor-top-section elementor-element elementor-element-15106514 elementor-section-stretched elementor-reverse-tablet elementor-reverse-mobile elementor-section-boxed elementor-section-height-default elementor-section-height-default\" data-id=\"15106514\" data-element_type=\"section\" data-e-type=\"section\" data-settings=\"{&quot;stretch_section&quot;:&quot;section-stretched&quot;,&quot;background_background&quot;:&quot;classic&quot;}\">\n\t\t\t\t\t\t<div class=\"elementor-container elementor-column-gap-default\">\n\t\t\t\t\t<div class=\"elementor-column elementor-col-50 elementor-top-column elementor-element elementor-element-5cc15fb4\" data-id=\"5cc15fb4\" data-element_type=\"column\" data-e-type=\"column\">\n\t\t\t<div class=\"elementor-widget-wrap elementor-element-populated\">\n\t\t\t\t\t\t<div class=\"elementor-element elementor-element-126701d elementor-widget-tablet_extra__width-initial elementor-absolute elementor-widget elementor-widget-image\" data-id=\"126701d\" data-element_type=\"widget\" data-e-type=\"widget\" data-settings=\"{&quot;_position&quot;:&quot;absolute&quot;}\" data-widget_type=\"image.default\">\n\t\t\t\t<div class=\"elementor-widget-container\">\n\t\t\t\t\t\t\t\t\t\t\t\t\t\t\t<img fetchpriority=\"high\" decoding=\"async\" width=\"3334\" height=\"2085\" src=\"https:\/\/uni5-technologies.com\/wp-content\/uploads\/2024\/09\/LOGO-UNI-5-VIOLET.png\" class=\"attachment-full size-full wp-image-14620\" alt=\"\" srcset=\"https:\/\/uni5-technologies.com\/wp-content\/uploads\/2024\/09\/LOGO-UNI-5-VIOLET.png 3334w, https:\/\/uni5-technologies.com\/wp-content\/uploads\/2024\/09\/LOGO-UNI-5-VIOLET-300x188.png 300w, https:\/\/uni5-technologies.com\/wp-content\/uploads\/2024\/09\/LOGO-UNI-5-VIOLET-1024x640.png 1024w, https:\/\/uni5-technologies.com\/wp-content\/uploads\/2024\/09\/LOGO-UNI-5-VIOLET-768x480.png 768w, https:\/\/uni5-technologies.com\/wp-content\/uploads\/2024\/09\/LOGO-UNI-5-VIOLET-1536x961.png 1536w, https:\/\/uni5-technologies.com\/wp-content\/uploads\/2024\/09\/LOGO-UNI-5-VIOLET-2048x1281.png 2048w, https:\/\/uni5-technologies.com\/wp-content\/uploads\/2024\/09\/LOGO-UNI-5-VIOLET-600x375.png 600w\" sizes=\"(max-width: 3334px) 100vw, 3334px\" \/>\t\t\t\t\t\t\t\t\t\t\t\t\t\t\t<\/div>\n\t\t\t\t<\/div>\n\t\t\t\t<div class=\"elementor-element elementor-element-e2457da elementor-widget elementor-widget-image\" data-id=\"e2457da\" data-element_type=\"widget\" data-e-type=\"widget\" data-widget_type=\"image.default\">\n\t\t\t\t<div class=\"elementor-widget-container\">\n\t\t\t\t\t\t\t\t\t\t\t\t\t\t\t<img decoding=\"async\" width=\"682\" height=\"1024\" src=\"https:\/\/uni5-technologies.com\/wp-content\/uploads\/2024\/09\/happy-successful-business-colleagues-meeting-outside-682x1024.jpg\" class=\"attachment-large size-large wp-image-14611\" alt=\"\" srcset=\"https:\/\/uni5-technologies.com\/wp-content\/uploads\/2024\/09\/happy-successful-business-colleagues-meeting-outside-682x1024.jpg 682w, https:\/\/uni5-technologies.com\/wp-content\/uploads\/2024\/09\/happy-successful-business-colleagues-meeting-outside-200x300.jpg 200w, https:\/\/uni5-technologies.com\/wp-content\/uploads\/2024\/09\/happy-successful-business-colleagues-meeting-outside-768x1152.jpg 768w, https:\/\/uni5-technologies.com\/wp-content\/uploads\/2024\/09\/happy-successful-business-colleagues-meeting-outside-1024x1536.jpg 1024w, https:\/\/uni5-technologies.com\/wp-content\/uploads\/2024\/09\/happy-successful-business-colleagues-meeting-outside-1365x2048.jpg 1365w, https:\/\/uni5-technologies.com\/wp-content\/uploads\/2024\/09\/happy-successful-business-colleagues-meeting-outside-600x900.jpg 600w, https:\/\/uni5-technologies.com\/wp-content\/uploads\/2024\/09\/happy-successful-business-colleagues-meeting-outside-scaled.jpg 1706w\" sizes=\"(max-width: 682px) 100vw, 682px\" \/>\t\t\t\t\t\t\t\t\t\t\t\t\t\t\t<\/div>\n\t\t\t\t<\/div>\n\t\t\t\t\t<\/div>\n\t\t<\/div>\n\t\t\t\t<div class=\"elementor-column elementor-col-50 elementor-top-column elementor-element elementor-element-8de0e7e\" data-id=\"8de0e7e\" data-element_type=\"column\" data-e-type=\"column\">\n\t\t\t<div class=\"elementor-widget-wrap elementor-element-populated\">\n\t\t\t\t\t\t<div class=\"elementor-element elementor-element-98a62c9 elementor-widget-tablet_extra__width-initial elementor-widget elementor-widget-html\" data-id=\"98a62c9\" data-element_type=\"widget\" data-e-type=\"widget\" data-widget_type=\"html.default\">\n\t\t\t\t<div class=\"elementor-widget-container\">\n\t\t\t\t\t<style>.project-title {\n    color: #4E1BBA;\n    text-transform: uppercase;\n    align-self: stretch;\n    margin: auto 0;\n    font: 800 38px\/42px Inter, sans-serif;\n}<\/style>\n<h2 class=\"project-title\">Postulez <br>d\u00e8s maintenant !<\/h2>\t\t\t\t<\/div>\n\t\t\t\t<\/div>\n\t\t\t\t<div class=\"elementor-element elementor-element-6bfa9cf elementor-widget elementor-widget-spacer\" data-id=\"6bfa9cf\" data-element_type=\"widget\" data-e-type=\"widget\" data-widget_type=\"spacer.default\">\n\t\t\t\t<div class=\"elementor-widget-container\">\n\t\t\t\t\t\t\t<div class=\"elementor-spacer\">\n\t\t\t<div class=\"elementor-spacer-inner\"><\/div>\n\t\t<\/div>\n\t\t\t\t\t\t<\/div>\n\t\t\t\t<\/div>\n\t\t\t\t<div class=\"elementor-element elementor-element-fc5fa61 elementor-button-align-stretch elementor-widget elementor-widget-form\" data-id=\"fc5fa61\" data-element_type=\"widget\" data-e-type=\"widget\" data-settings=\"{&quot;step_next_label&quot;:&quot;Next&quot;,&quot;step_previous_label&quot;:&quot;Previous&quot;,&quot;button_width&quot;:&quot;100&quot;,&quot;step_type&quot;:&quot;number_text&quot;,&quot;step_icon_shape&quot;:&quot;circle&quot;}\" data-widget_type=\"form.default\">\n\t\t\t\t<div class=\"elementor-widget-container\">\n\t\t\t\t\t\t\t<form class=\"elementor-form\" method=\"post\" name=\"New Form\" aria-label=\"New Form\">\n\t\t\t<input type=\"hidden\" name=\"post_id\" value=\"8639\"\/>\n\t\t\t<input type=\"hidden\" name=\"form_id\" value=\"fc5fa61\"\/>\n\t\t\t<input type=\"hidden\" name=\"referer_title\" value=\"Formulaire\" \/>\n\n\t\t\t\t\t\t\t<input type=\"hidden\" name=\"queried_id\" value=\"8639\"\/>\n\t\t\t\n\t\t\t<div class=\"elementor-form-fields-wrapper elementor-labels-\">\n\t\t\t\t\t\t\t\t<div class=\"elementor-field-type-select elementor-field-group elementor-column elementor-field-group-field_6e4dd2a elementor-col-100 elementor-field-required\">\n\t\t\t\t\t\t\t\t\t\t\t\t<label for=\"form-field-field_6e4dd2a\" class=\"elementor-field-label elementor-screen-only\">\n\t\t\t\t\t\t\t\tPost\t\t\t\t\t\t\t<\/label>\n\t\t\t\t\t\t\t\t<div class=\"elementor-field elementor-select-wrapper remove-before \">\n\t\t\t<div class=\"select-caret-down-wrapper\">\n\t\t\t\t<svg aria-hidden=\"true\" class=\"e-font-icon-svg e-eicon-caret-down\" viewBox=\"0 0 571.4 571.4\" xmlns=\"http:\/\/www.w3.org\/2000\/svg\"><path d=\"M571 393Q571 407 561 418L311 668Q300 679 286 679T261 668L11 418Q0 407 0 393T11 368 36 357H536Q550 357 561 368T571 393Z\"><\/path><\/svg>\t\t\t<\/div>\n\t\t\t<select name=\"form_fields[field_6e4dd2a]\" id=\"form-field-field_6e4dd2a\" class=\"elementor-field-textual elementor-size-sm\" required=\"required\">\n\t\t\t\t\t\t\t\t\t<option value=\"D\u00e9veloppeur Full Stack.NET \/ Angular\">D\u00e9veloppeur Full Stack.NET \/ Angular<\/option>\n\t\t\t\t\t\t\t\t\t<option value=\"Scrum Master\">Scrum Master<\/option>\n\t\t\t\t\t\t\t\t\t<option value=\"consultant Sharepoint \/ Office365\">consultant Sharepoint \/ Office365<\/option>\n\t\t\t\t\t\t\t\t\t<option value=\"Techlead Power Platform\">Techlead Power Platform<\/option>\n\t\t\t\t\t\t\t\t\t<option value=\"Consultant Devop&#039;s \/ Azure\">Consultant Devop&#039;s \/ Azure<\/option>\n\t\t\t\t\t\t\t\t\t<option value=\"Alternant(e) Marketing &amp; Communication\">Alternant(e) Marketing &amp; Communication<\/option>\n\t\t\t\t\t\t\t<\/select>\n\t\t<\/div>\n\t\t\t\t\t\t<\/div>\n\t\t\t\t\t\t\t\t<div class=\"elementor-field-type-text elementor-field-group elementor-column elementor-field-group-name elementor-col-100\">\n\t\t\t\t\t\t\t\t\t\t\t\t<label for=\"form-field-name\" class=\"elementor-field-label elementor-screen-only\">\n\t\t\t\t\t\t\t\tName\t\t\t\t\t\t\t<\/label>\n\t\t\t\t\t\t\t\t\t\t\t\t\t\t<input size=\"1\" type=\"text\" name=\"form_fields[name]\" id=\"form-field-name\" class=\"elementor-field elementor-size-sm  elementor-field-textual\" placeholder=\"Nom\">\n\t\t\t\t\t\t\t\t\t\t\t<\/div>\n\t\t\t\t\t\t\t\t<div class=\"elementor-field-type-text elementor-field-group elementor-column elementor-field-group-field_02018d2 elementor-col-100\">\n\t\t\t\t\t\t\t\t\t\t\t\t<label for=\"form-field-field_02018d2\" class=\"elementor-field-label elementor-screen-only\">\n\t\t\t\t\t\t\t\tPr\u00e9nom\t\t\t\t\t\t\t<\/label>\n\t\t\t\t\t\t\t\t\t\t\t\t\t\t<input size=\"1\" type=\"text\" name=\"form_fields[field_02018d2]\" id=\"form-field-field_02018d2\" class=\"elementor-field elementor-size-sm  elementor-field-textual\" placeholder=\"Pr\u00e9nom\">\n\t\t\t\t\t\t\t\t\t\t\t<\/div>\n\t\t\t\t\t\t\t\t<div class=\"elementor-field-type-email elementor-field-group elementor-column elementor-field-group-email elementor-col-100 elementor-field-required\">\n\t\t\t\t\t\t\t\t\t\t\t\t<label for=\"form-field-email\" class=\"elementor-field-label elementor-screen-only\">\n\t\t\t\t\t\t\t\tEmail\t\t\t\t\t\t\t<\/label>\n\t\t\t\t\t\t\t\t\t\t\t\t\t\t<input size=\"1\" type=\"email\" name=\"form_fields[email]\" id=\"form-field-email\" class=\"elementor-field elementor-size-sm  elementor-field-textual\" placeholder=\"E-mail\" required=\"required\">\n\t\t\t\t\t\t\t\t\t\t\t<\/div>\n\t\t\t\t\t\t\t\t<div class=\"elementor-field-type-tel elementor-field-group elementor-column elementor-field-group-field_6e4dd2a elementor-col-100\">\n\t\t\t\t\t\t\t\t\t\t\t\t<label for=\"form-field-field_6e4dd2a\" class=\"elementor-field-label elementor-screen-only\">\n\t\t\t\t\t\t\t\tTel\t\t\t\t\t\t\t<\/label>\n\t\t\t\t\t\t\t\t<input size=\"1\" type=\"tel\" name=\"form_fields[field_6e4dd2a]\" id=\"form-field-field_6e4dd2a\" class=\"elementor-field elementor-size-sm  elementor-field-textual\" placeholder=\"T\u00e9l\u00e9phone :\" pattern=\"[0-9()#&amp;+*-=.]+\" title=\"Seuls les caract\u00e8res de num\u00e9ros de t\u00e9l\u00e9phone (#, -, *, etc.) sont accept\u00e9s.\">\n\n\t\t\t\t\t\t<\/div>\n\t\t\t\t\t\t\t\t<div class=\"elementor-field-type-textarea elementor-field-group elementor-column elementor-field-group-message elementor-col-100\">\n\t\t\t\t\t\t\t\t\t\t\t\t<label for=\"form-field-message\" class=\"elementor-field-label elementor-screen-only\">\n\t\t\t\t\t\t\t\tMessage\t\t\t\t\t\t\t<\/label>\n\t\t\t\t\t\t<textarea class=\"elementor-field-textual elementor-field  elementor-size-sm\" name=\"form_fields[message]\" id=\"form-field-message\" rows=\"4\" placeholder=\"Laissez-nous un message\"><\/textarea>\t\t\t\t<\/div>\n\t\t\t\t\t\t\t\t<div class=\"elementor-field-type-upload elementor-field-group elementor-column elementor-field-group-message elementor-col-100\">\n\t\t\t\t\t\t\t\t\t\t\t\t<label for=\"form-field-message\" class=\"elementor-field-label elementor-screen-only\">\n\t\t\t\t\t\t\t\tCV\t\t\t\t\t\t\t<\/label>\n\t\t\t\t\t\t\t\t<input type=\"file\" name=\"form_fields[message]\" id=\"form-field-message\" class=\"elementor-field elementor-size-sm  elementor-upload-field\">\n\n\t\t\t\t\t\t<\/div>\n\t\t\t\t\t\t\t\t<div class=\"elementor-field-group elementor-column elementor-field-type-submit elementor-col-100 e-form__buttons\">\n\t\t\t\t\t<button class=\"elementor-button elementor-size-md elementor-animation-shrink\" type=\"submit\">\n\t\t\t\t\t\t<span class=\"elementor-button-content-wrapper\">\n\t\t\t\t\t\t\t\t\t\t\t\t\t\t\t\t\t\t\t\t\t\t<span class=\"elementor-button-text\">Envoyer <\/span>\n\t\t\t\t\t\t\t\t\t\t\t\t\t<\/span>\n\t\t\t\t\t<\/button>\n\t\t\t\t<\/div>\n\t\t\t<\/div>\n\t\t<\/form>\n\t\t\t\t\t\t<\/div>\n\t\t\t\t<\/div>\n\t\t\t\t\t<\/div>\n\t\t<\/div>\n\t\t\t\t\t<\/div>\n\t\t<\/section>\n\t\t\t\t<\/div>\n\t\t","protected":false},"excerpt":{"rendered":"<p>Postulez d\u00e8s maintenant !<\/p>\n","protected":false},"author":1,"featured_media":0,"parent":0,"menu_order":0,"comment_status":"closed","ping_status":"closed","template":"elementor_header_footer","meta":{"_acf_changed":false,"_eb_attr":"","footnotes":""},"class_list":["post-8639","page","type-page","status-publish","hentry"],"acf":[],"blog_post_layout_featured_media_urls":{"thumbnail":"","full":""},"categories_names":null,"comments_number":"0","_links":{"self":[{"href":"https:\/\/uni5-technologies.com\/accueil\/wp-json\/wp\/v2\/pages\/8639","targetHints":{"allow":["GET"]}}],"collection":[{"href":"https:\/\/uni5-technologies.com\/accueil\/wp-json\/wp\/v2\/pages"}],"about":[{"href":"https:\/\/uni5-technologies.com\/accueil\/wp-json\/wp\/v2\/types\/page"}],"author":[{"embeddable":true,"href":"https:\/\/uni5-technologies.com\/accueil\/wp-json\/wp\/v2\/users\/1"}],"replies":[{"embeddable":true,"href":"https:\/\/uni5-technologies.com\/accueil\/wp-json\/wp\/v2\/comments?post=8639"}],"version-history":[{"count":40,"href":"https:\/\/uni5-technologies.com\/accueil\/wp-json\/wp\/v2\/pages\/8639\/revisions"}],"predecessor-version":[{"id":16591,"href":"https:\/\/uni5-technologies.com\/accueil\/wp-json\/wp\/v2\/pages\/8639\/revisions\/16591"}],"wp:attachment":[{"href":"https:\/\/uni5-technologies.com\/accueil\/wp-json\/wp\/v2\/media?parent=8639"}],"curies":[{"name":"wp","href":"https:\/\/api.w.org\/{rel}","templated":true}]}}